{"id":4157,"date":"2024-10-30T13:06:23","date_gmt":"2024-10-30T12:06:23","guid":{"rendered":"https:\/\/beguines.info\/?page_id=4157"},"modified":"2024-11-05T23:23:20","modified_gmt":"2024-11-05T22:23:20","slug":"privacy-policy","status":"publish","type":"page","link":"https:\/\/beguines.info\/?page_id=4157","title":{"rendered":"Privacy Policy"},"content":{"rendered":"<h5><strong>Qui nous sommes<\/strong><\/h5>\r\n<p>L&rsquo;adresse de notre site Internet est : https:\/\/beguines.info.<\/p>\r\n<h5><strong>Commentaires<\/strong><\/h5>\r\n<p>Lorsque les visiteurs laissent des commentaires sur le site, nous collectons les donn\u00e9es affich\u00e9es dans le formulaire de commentaires, ainsi que l&rsquo;adresse IP du visiteur et la cha\u00eene de l&rsquo;agent utilisateur du navigateur pour faciliter la d\u00e9tection du spam.<\/p>\r\n<p>Une cha\u00eene anonymis\u00e9e cr\u00e9\u00e9e \u00e0 partir de votre adresse e-mail (\u00e9galement appel\u00e9e hachage) peut \u00eatre fournie au service Gravatar pour voir si vous l&rsquo;utilisez. La politique de confidentialit\u00e9 du service Gravatar est disponible ici : <a href=\"https:\/\/automattic.com\/privacy\/\">https:\/\/automattic.com\/privacy\/<\/a>. Une fois votre commentaire approuv\u00e9, votre photo de profil est visible publiquement dans le contexte de votre commentaire.<\/p>\r\n<h5><strong>Media<\/strong><\/h5>\r\n<p>Si vous t\u00e9l\u00e9chargez des images sur le site Web, vous devez \u00e9viter de t\u00e9l\u00e9charger des images contenant des donn\u00e9es de localisation int\u00e9gr\u00e9es (EXIF GPS). Les visiteurs du site Web peuvent t\u00e9l\u00e9charger et extraire toutes les donn\u00e9es de localisation des images du site Web.<\/p>\r\n<h5><strong>Cookies<\/strong><\/h5>\r\n<p>Si vous laissez un commentaire sur notre site, vous pouvez choisir d&rsquo;enregistrer votre nom, votre adresse email et votre site internet dans des cookies. Ils sont utilis\u00e9s pour votre commodit\u00e9 afin que vous n&rsquo;ayez pas \u00e0 ressaisir vos coordonn\u00e9es lorsque vous laissez un autre commentaire. Ces cookies dureront un an.<\/p>\r\n<p>Si vous visitez la page de connexion, un cookie temporaire sera d\u00e9fini pour d\u00e9terminer si votre navigateur accepte les cookies. Ce cookie ne contient aucune donn\u00e9e personnelle et est supprim\u00e9 lorsque vous fermez votre navigateur.<\/p>\r\n<p>Lors de votre connexion, nous mettrons en place plusieurs cookies pour enregistrer vos informations de connexion et vos choix d&rsquo;affichage \u00e0 l&rsquo;\u00e9cran. Les cookies de connexion durent deux jours tandis que les cookies d\u2019options d\u2019\u00e9cran durent un an. Si vous s\u00e9lectionnez \u00ab Se souvenir de moi \u00bb, votre acc\u00e8s persistera pendant deux semaines. Si vous vous d\u00e9connectez de votre compte, les cookies de connexion seront supprim\u00e9s.<\/p>\r\n<p>Si vous modifiez ou publiez un article, un cookie suppl\u00e9mentaire sera enregistr\u00e9 dans votre navigateur. Ce cookie n&rsquo;inclut pas de donn\u00e9es personnelles, mais indique simplement l&rsquo;identifiant de l&rsquo;article que vous venez de modifier. Expire apr\u00e8s 1 jour.<\/p>\r\n<h5><strong>Contenu int\u00e9gr\u00e9 provenant d&rsquo;autres sites Web<\/strong><\/h5>\r\n<p>Les articles de ce site peuvent inclure du contenu int\u00e9gr\u00e9 (par exemple des vid\u00e9os, des images, des articles, etc.). Le contenu int\u00e9gr\u00e9 d&rsquo;autres sites Web se comporte exactement de la m\u00eame mani\u00e8re que si le visiteur avait visit\u00e9 l&rsquo;autre site Web.<\/p>\r\n<p>Ces sites Web peuvent collecter des donn\u00e9es sur vous, utiliser des cookies, int\u00e9grer un suivi tiers suppl\u00e9mentaire et surveiller votre interaction avec eux, y compris le suivi de votre interaction avec le contenu int\u00e9gr\u00e9 si vous disposez d&rsquo;un compte et \u00eates connect\u00e9 \u00e0 ces sites Web.<\/p>\r\n<h5><strong>Avec qui partageons-nous vos donn\u00e9es<\/strong><\/h5>\r\n<p>Si vous demandez une r\u00e9initialisation de mot de passe, votre adresse IP sera incluse dans l&rsquo;e-mail de r\u00e9initialisation.<\/p>\r\n<h5><strong>Combien de temps conservons-nous vos donn\u00e9es<\/strong><\/h5>\r\n<p>Si vous laissez un commentaire, le commentaire et ses m\u00e9tadonn\u00e9es sont conserv\u00e9s ind\u00e9finiment. Cela nous permet de reconna\u00eetre et d&rsquo;approuver automatiquement tous les commentaires ult\u00e9rieurs au lieu de les conserver dans une file d&rsquo;attente de mod\u00e9ration.<\/p>\r\n<p>Pour les utilisateurs qui s&rsquo;inscrivent sur notre site Web (le cas \u00e9ch\u00e9ant), nous stockons \u00e9galement les informations personnelles qu&rsquo;ils fournissent dans leur profil d&rsquo;utilisateur. Tous les utilisateurs peuvent voir, modifier ou supprimer leurs informations personnelles \u00e0 tout moment (\u00e0 l&rsquo;exception de leur nom d&rsquo;utilisateur qu&rsquo;ils ne peuvent pas modifier). Les administrateurs du site Web peuvent \u00e9galement voir et modifier ces informations.<\/p>\r\n<h5><strong>Quels droits avez-vous sur vos donn\u00e9es<\/strong><\/h5>\r\n<p>Si vous avez un compte sur ce site ou si vous avez laiss\u00e9 des commentaires, vous pouvez demander \u00e0 recevoir un fichier export\u00e9 des donn\u00e9es personnelles que nous d\u00e9tenons \u00e0 votre sujet, y compris toutes les donn\u00e9es que vous nous avez fournies. Vous pouvez \u00e9galement demander que nous supprimions toutes les donn\u00e9es personnelles vous concernant. Cela n&rsquo;inclut pas les donn\u00e9es que nous sommes tenus de conserver \u00e0 des fins administratives, juridiques ou de s\u00e9curit\u00e9.<\/p>\r\n<h5><strong>O\u00f9 vos donn\u00e9es sont envoy\u00e9es<\/strong><\/h5>\r\n<p>Les commentaires des visiteurs peuvent \u00eatre v\u00e9rifi\u00e9s via un service de d\u00e9tection automatique du spam.<\/p><!-- \/wp:heading --><!-- wp:post-content --><!-- wp:heading -->\r\n<h5><strong>Qui nous sommes<\/strong><\/h5>\r\n<p>L&rsquo;adresse de notre site Internet est : https:\/\/beguines.info.<\/p>\r\n<h5><strong>Commentaires<\/strong><\/h5>\r\n<p>Lorsque les visiteurs laissent des commentaires sur le site, nous collectons les donn\u00e9es affich\u00e9es dans le formulaire de commentaires, ainsi que l&rsquo;adresse IP du visiteur et la cha\u00eene de l&rsquo;agent utilisateur du navigateur pour faciliter la d\u00e9tection du spam.<\/p>\r\n<p>Une cha\u00eene anonymis\u00e9e cr\u00e9\u00e9e \u00e0 partir de votre adresse e-mail (\u00e9galement appel\u00e9e hachage) peut \u00eatre fournie au service Gravatar pour voir si vous l&rsquo;utilisez. La politique de confidentialit\u00e9 du service Gravatar est disponible ici : <a href=\"https:\/\/automattic.com\/privacy\/\">https:\/\/automattic.com\/privacy\/<\/a>. Une fois votre commentaire approuv\u00e9, votre photo de profil est visible publiquement dans le contexte de votre commentaire.<\/p>\r\n<h5><strong>Media<\/strong><\/h5>\r\n<p>Si vous t\u00e9l\u00e9chargez des images sur le site Web, vous devez \u00e9viter de t\u00e9l\u00e9charger des images contenant des donn\u00e9es de localisation int\u00e9gr\u00e9es (EXIF GPS). Les visiteurs du site Web peuvent t\u00e9l\u00e9charger et extraire toutes les donn\u00e9es de localisation des images du site Web.<\/p>\r\n<h5><strong>Cookies<\/strong><\/h5>\r\n<p>Si vous laissez un commentaire sur notre site, vous pouvez choisir d&rsquo;enregistrer votre nom, votre adresse email et votre site internet dans des cookies. Ils sont utilis\u00e9s pour votre commodit\u00e9 afin que vous n&rsquo;ayez pas \u00e0 ressaisir vos coordonn\u00e9es lorsque vous laissez un autre commentaire. Ces cookies dureront un an.<\/p>\r\n<p>Si vous visitez la page de connexion, un cookie temporaire sera d\u00e9fini pour d\u00e9terminer si votre navigateur accepte les cookies. Ce cookie ne contient aucune donn\u00e9e personnelle et est supprim\u00e9 lorsque vous fermez votre navigateur.<\/p>\r\n<p>Lors de votre connexion, nous mettrons en place plusieurs cookies pour enregistrer vos informations de connexion et vos choix d&rsquo;affichage \u00e0 l&rsquo;\u00e9cran. Les cookies de connexion durent deux jours tandis que les cookies d\u2019options d\u2019\u00e9cran durent un an. Si vous s\u00e9lectionnez \u00ab Se souvenir de moi \u00bb, votre acc\u00e8s persistera pendant deux semaines. Si vous vous d\u00e9connectez de votre compte, les cookies de connexion seront supprim\u00e9s.<\/p>\r\n<p>Si vous modifiez ou publiez un article, un cookie suppl\u00e9mentaire sera enregistr\u00e9 dans votre navigateur. Ce cookie n&rsquo;inclut pas de donn\u00e9es personnelles, mais indique simplement l&rsquo;identifiant de l&rsquo;article que vous venez de modifier. Expire apr\u00e8s 1 jour.<\/p>\r\n<h5><strong>Contenu int\u00e9gr\u00e9 provenant d&rsquo;autres sites Web<\/strong><\/h5>\r\n<p>Les articles de ce site peuvent inclure du contenu int\u00e9gr\u00e9 (par exemple des vid\u00e9os, des images, des articles, etc.). Le contenu int\u00e9gr\u00e9 d&rsquo;autres sites Web se comporte exactement de la m\u00eame mani\u00e8re que si le visiteur avait visit\u00e9 l&rsquo;autre site Web.<\/p>\r\n<p>Ces sites Web peuvent collecter des donn\u00e9es sur vous, utiliser des cookies, int\u00e9grer un suivi tiers suppl\u00e9mentaire et surveiller votre interaction avec eux, y compris le suivi de votre interaction avec le contenu int\u00e9gr\u00e9 si vous disposez d&rsquo;un compte et \u00eates connect\u00e9 \u00e0 ces sites Web.<\/p>\r\n<h5><strong>Avec qui partageons-nous vos donn\u00e9es<\/strong><\/h5>\r\n<p>Si vous demandez une r\u00e9initialisation de mot de passe, votre adresse IP sera incluse dans l&rsquo;e-mail de r\u00e9initialisation.<\/p>\r\n<h5><strong>Combien de temps conservons-nous vos donn\u00e9es<\/strong><\/h5>\r\n<p>Si vous laissez un commentaire, le commentaire et ses m\u00e9tadonn\u00e9es sont conserv\u00e9s ind\u00e9finiment. Cela nous permet de reconna\u00eetre et d&rsquo;approuver automatiquement tous les commentaires ult\u00e9rieurs au lieu de les conserver dans une file d&rsquo;attente de mod\u00e9ration.<\/p>\r\n<p>Pour les utilisateurs qui s&rsquo;inscrivent sur notre site Web (le cas \u00e9ch\u00e9ant), nous stockons \u00e9galement les informations personnelles qu&rsquo;ils fournissent dans leur profil d&rsquo;utilisateur. Tous les utilisateurs peuvent voir, modifier ou supprimer leurs informations personnelles \u00e0 tout moment (\u00e0 l&rsquo;exception de leur nom d&rsquo;utilisateur qu&rsquo;ils ne peuvent pas modifier). Les administrateurs du site Web peuvent \u00e9galement voir et modifier ces informations.<\/p>\r\n<h5><strong>Quels droits avez-vous sur vos donn\u00e9es<\/strong><\/h5>\r\n<p>Si vous avez un compte sur ce site ou si vous avez laiss\u00e9 des commentaires, vous pouvez demander \u00e0 recevoir un fichier export\u00e9 des donn\u00e9es personnelles que nous d\u00e9tenons \u00e0 votre sujet, y compris toutes les donn\u00e9es que vous nous avez fournies. Vous pouvez \u00e9galement demander que nous supprimions toutes les donn\u00e9es personnelles vous concernant. Cela n&rsquo;inclut pas les donn\u00e9es que nous sommes tenus de conserver \u00e0 des fins administratives, juridiques ou de s\u00e9curit\u00e9.<\/p>\r\n<h5><strong>O\u00f9 vos donn\u00e9es sont envoy\u00e9es<\/strong><\/h5>\r\n<p>Les commentaires des visiteurs peuvent \u00eatre v\u00e9rifi\u00e9s via un service de d\u00e9tection automatique du spam.<\/p><!-- \/wp:post-content -->","protected":false},"excerpt":{"rendered":"<p>Qui nous sommes L&rsquo;adresse de notre site Internet est : https:\/\/beguines.info. Commentaires Lorsque les visiteurs laissent des commentaires sur le site, nous collectons les donn\u00e9es affich\u00e9es dans le formulaire de commentaires, ainsi que l&rsquo;adresse IP du visiteur et la cha\u00eene de l&rsquo;agent utilisateur du navigateur pour faciliter la d\u00e9tection du spam. Une cha\u00eene anonymis\u00e9e cr\u00e9\u00e9e &hellip; <a href=\"https:\/\/beguines.info\/?page_id=4157\" class=\"more-link\">Continuer la lecture<span class=\"screen-reader-text\"> de &laquo;&nbsp;Privacy Policy&nbsp;&raquo;<\/span><\/a><\/p>\n","protected":false},"author":2,"featured_media":0,"parent":0,"menu_order":0,"comment_status":"closed","ping_status":"closed","template":"","meta":{"jetpack_post_was_ever_published":false,"footnotes":""},"class_list":["post-4157","page","type-page","status-publish","hentry"],"jetpack_sharing_enabled":true,"jetpack_shortlink":"https:\/\/wp.me\/P7N1g3-153","jetpack-related-posts":[{"id":3694,"url":"https:\/\/beguines.info\/?page_id=3694","url_meta":{"origin":4157,"position":0},"title":"Pour lire les Newsletters de l&rsquo;ann\u00e9e 2021","author":"Silvana Panciera","date":"samedi 26 novembre 2022","format":false,"excerpt":"Wishes and calendar 2022 (23-12-2021) Cette ann\u00e9e \u00e9galement, apr\u00e8s l\u2019exp\u00e9rience r\u00e9ussie de 2021, l\u2019association \u00ab\u00a0Nel giardino delle beghine (Dans le jardin des b\u00e9guines)\u00a0\u00bb a d\u00e9cid\u00e9 de pr\u00e9parer un calendrier avec des b\u00e9guinages. Le calendrier 2022 a la forme d\u2019un carnet (21cm x14cm). Chaque mois\u00a0sont pr\u00e9sent\u00e9s\u00a0un bref historique\u00a0et une photo\u00a0de l\u2019un\u2026","rel":"","context":"Article similaire","block_context":{"text":"Article similaire","link":""},"img":{"alt_text":"","src":"https:\/\/i0.wp.com\/beguines.info\/wp-content\/uploads\/2016\/08\/calendario-2022.jpg?resize=350%2C200","width":350,"height":200},"classes":[]},{"id":4019,"url":"https:\/\/beguines.info\/?page_id=4019","url_meta":{"origin":4157,"position":1},"title":"Les Newsletters 2022","author":"Silvana Panciera","date":"dimanche 11 f\u00e9vrier 2024","format":false,"excerpt":"Wishes from Silvana (December 2022) Lumi\u00e8res \u2013 B\u00e9guinage de Tournhout Ce message de d\u00e9cembre ne vous apportera pas des informations, mais mes voeux : que les prochaines f\u00eates soient pour chacun(e) un moment de recentrage sur notre \u00eatre au monde, sur notre propre histoire personnelle, notre mission et nos engagements.\u2026","rel":"","context":"Article similaire","block_context":{"text":"Article similaire","link":""},"img":{"alt_text":"","src":"https:\/\/i0.wp.com\/beguines.info\/wp-content\/uploads\/2016\/08\/Notturno.jpg?resize=350%2C200&ssl=1","width":350,"height":200},"classes":[]},{"id":453,"url":"https:\/\/beguines.info\/?page_id=453","url_meta":{"origin":4157,"position":2},"title":"Ailleurs dans le monde","author":"Silvana Panciera","date":"vendredi 18 ao\u00fbt 2017","format":false,"excerpt":"Aux USA Companions of Clare Companions of Claire est une communaut\u00e9 exp\u00e9rimentale, une naissante communaut\u00e9 franciscaine\u00a0 pour des femmes m\u00fbres inspir\u00e9es par la tradition b\u00e9guinale. Nous lisons dans leur site\u00a0: \"Nous souhaitons cr\u00e9er une communaut\u00e9 exp\u00e9rimentale suivant la premi\u00e8re r\u00e8gle de Sainte-Claire, en impliquant des femmes dans la tradition des\u2026","rel":"","context":"Article similaire","block_context":{"text":"Article similaire","link":""},"img":{"alt_text":"","src":"https:\/\/i0.wp.com\/beguines.info\/wp-content\/uploads\/2019\/09\/Companions-of-Claire-300x210.jpg?resize=350%2C200","width":350,"height":200},"classes":[]},{"id":4635,"url":"https:\/\/beguines.info\/?page_id=4635","url_meta":{"origin":4157,"position":3},"title":"Pour lire les Newsletters de l&rsquo;ann\u00e9e 2024","author":"Silvana Panciera","date":"dimanche  4 janvier 2026","format":false,"excerpt":"JULIAN of NORWICH, a new translation (December 2024) D Pendant 7 jours de maladie en mai 1373, \u00e0 l\u2019\u00e2ge d\u2019un peu plus de 30 ans, Julian de Norwich re\u00e7oit 16 r\u00e9v\u00e9lations sur la passion du Christ et la Trinit\u00e9. Il lui faudra ensuite 20 ans pour les retranscrire. En effet,\u2026","rel":"","context":"Article similaire","block_context":{"text":"Article similaire","link":""},"img":{"alt_text":"","src":"https:\/\/i0.wp.com\/beguines.info\/wp-content\/uploads\/2016\/08\/Julian-statue-287x300.jpg?resize=350%2C200&ssl=1","width":350,"height":200},"classes":[]},{"id":337,"url":"https:\/\/beguines.info\/?page_id=337","url_meta":{"origin":4157,"position":4},"title":"En Belgique","author":"Silvana Panciera","date":"vendredi 18 ao\u00fbt 2017","format":false,"excerpt":"En Belgique, des r\u00e9alit\u00e9s tr\u00e8s significatives s\u2019inspirent directement du mouvement b\u00e9guinal. Le Petit B\u00e9guinage de Lauzelle Le Petit B\u00e9guinage de \u00a0Lauzelle na\u00eet en 1995, sur le site de la nouvelle universit\u00e9 de Louvain-la-Neuve, gr\u00e2ce \u00e0 un couple tr\u00e8s engag\u00e9 dans le contexte socio-religieux, Pierre e Suzette Huvelle. Il s\u2019agit d\u2019un\u2026","rel":"","context":"Article similaire","block_context":{"text":"Article similaire","link":""},"img":{"alt_text":"","src":"https:\/\/i0.wp.com\/beguines.info\/wp-content\/uploads\/2016\/12\/LA-Pierre-et-Suzette-e1501727919316.jpg?resize=350%2C200","width":350,"height":200},"classes":[]},{"id":2991,"url":"https:\/\/beguines.info\/?page_id=2991","url_meta":{"origin":4157,"position":5},"title":"News Letter 2019","author":"Silvana Panciera","date":"mercredi 19 ao\u00fbt 2020","format":false,"excerpt":"Wishes in the Solstice 2019 (21-12-2019) J\u2019ai attendu tout sp\u00e9cialement le jour du solstice pour vous envoyer \u00e0 vous tous et toutes, membres de la News Letter Beguiness, mes meilleurs v\u0153ux pour un Joyeux No\u00ebl et une belle entr\u00e9e dans l\u2019ann\u00e9e 2020. Je trouve cette \u00e9ch\u00e9ance astronomique particuli\u00e8rement exaltante. Dimanche\u2026","rel":"","context":"Article similaire","block_context":{"text":"Article similaire","link":""},"img":{"alt_text":"","src":"https:\/\/i0.wp.com\/beguines.info\/wp-content\/uploads\/2016\/08\/auguri-2019.jpg?resize=350%2C200","width":350,"height":200},"classes":[]}],"_links":{"self":[{"href":"https:\/\/beguines.info\/index.php?rest_route=\/wp\/v2\/pages\/4157","targetHints":{"allow":["GET"]}}],"collection":[{"href":"https:\/\/beguines.info\/index.php?rest_route=\/wp\/v2\/pages"}],"about":[{"href":"https:\/\/beguines.info\/index.php?rest_route=\/wp\/v2\/types\/page"}],"author":[{"embeddable":true,"href":"https:\/\/beguines.info\/index.php?rest_route=\/wp\/v2\/users\/2"}],"replies":[{"embeddable":true,"href":"https:\/\/beguines.info\/index.php?rest_route=%2Fwp%2Fv2%2Fcomments&post=4157"}],"version-history":[{"count":11,"href":"https:\/\/beguines.info\/index.php?rest_route=\/wp\/v2\/pages\/4157\/revisions"}],"predecessor-version":[{"id":4190,"href":"https:\/\/beguines.info\/index.php?rest_route=\/wp\/v2\/pages\/4157\/revisions\/4190"}],"wp:attachment":[{"href":"https:\/\/beguines.info\/index.php?rest_route=%2Fwp%2Fv2%2Fmedia&parent=4157"}],"curies":[{"name":"wp","href":"https:\/\/api.w.org\/{rel}","templated":true}]}}